{"id":4376,"date":"2026-03-17T21:40:01","date_gmt":"2026-03-17T21:40:01","guid":{"rendered":"https:\/\/mungiarugby.org\/?page_id=4376"},"modified":"2026-03-18T00:17:31","modified_gmt":"2026-03-18T00:17:31","slug":"soportes-publicitarios-tarifas","status":"publish","type":"page","link":"https:\/\/mungiarugby.org\/eu\/patrocinadores\/soportes-publicitarios-tarifas\/","title":{"rendered":"Publizitate euskarriak eta tarifak"},"content":{"rendered":"<div class=\"inherit-container-width wp-block-group alignfull is-style-ext-preset--group--natural-1--section has-background-background-color has-background is-layout-constrained wp-container-core-group-is-layout-e955bbaf wp-block-group-is-layout-constrained\" style=\"margin-top:0;margin-bottom:0;padding-top:var(--wp--preset--spacing--70);padding-bottom:var(--wp--preset--spacing--70)\">\n<h2 class=\"wp-block-heading has-text-align-center ext-animate--on\">SOPORTES PUBLICITARIOS \u2013 TARIFAS<\/h2>\n\n\n\n<p class=\"has-text-align-center ext-animate--on\" style=\"margin-top:1.5rem\">Esta secci\u00f3n destaca la variedad de platos en nuestro men\u00fa.<\/p>\n\n\n\n<div class=\"wp-block-columns alignwide is-layout-flex wp-container-core-columns-is-layout-08c01c1c wp-block-columns-is-layout-flex\">\n<div class=\"wp-block-column is-vertically-aligned-stretch ext-animate--on is-layout-flow wp-container-core-column-is-layout-119bc444 wp-block-column-is-layout-flow\">\n<div class=\"wp-block-group is-style-ext-preset--group--natural-1--item-card-1--align-start is-layout-constrained wp-block-group-is-layout-constrained\">\n<div class=\"wp-block-group is-style-default is-layout-constrained wp-block-group-is-layout-constrained\">\n<div class=\"wp-block-group is-nowrap is-layout-flex wp-container-core-group-is-layout-73492678 wp-block-group-is-layout-flex\" style=\"padding-top:0;padding-right:0;padding-bottom:0;padding-left:0\">\n<figure data-spectra-id=\"spectra-mmv4x71d-1bz800\" class=\"wp-block-image size-large has-custom-border ext-aspect-landscape\"><img loading=\"lazy\" decoding=\"async\" width=\"1280\" height=\"1280\" class=\"wp-image-4387\" src=\"https:\/\/mungiarugby.org\/wp-content\/uploads\/2026\/03\/84d98b48e864cf9b59fdfc39fe4cc158c0da007c.jpg\" alt=\"84d98b48e864cf9b59fdfc39fe4cc158c0da007c\" title=\"Publizitate euskarriak eta tarifak\" srcset=\"https:\/\/mungiarugby.org\/wp-content\/uploads\/2026\/03\/84d98b48e864cf9b59fdfc39fe4cc158c0da007c.jpg 1280w, https:\/\/mungiarugby.org\/wp-content\/uploads\/2026\/03\/84d98b48e864cf9b59fdfc39fe4cc158c0da007c-300x300.jpg 300w, https:\/\/mungiarugby.org\/wp-content\/uploads\/2026\/03\/84d98b48e864cf9b59fdfc39fe4cc158c0da007c-1024x1024.jpg 1024w, https:\/\/mungiarugby.org\/wp-content\/uploads\/2026\/03\/84d98b48e864cf9b59fdfc39fe4cc158c0da007c-150x150.jpg 150w, https:\/\/mungiarugby.org\/wp-content\/uploads\/2026\/03\/84d98b48e864cf9b59fdfc39fe4cc158c0da007c-768x768.jpg 768w, https:\/\/mungiarugby.org\/wp-content\/uploads\/2026\/03\/84d98b48e864cf9b59fdfc39fe4cc158c0da007c-12x12.jpg 12w, https:\/\/mungiarugby.org\/wp-content\/uploads\/2026\/03\/84d98b48e864cf9b59fdfc39fe4cc158c0da007c-600x600.jpg 600w, https:\/\/mungiarugby.org\/wp-content\/uploads\/2026\/03\/84d98b48e864cf9b59fdfc39fe4cc158c0da007c-100x100.jpg 100w\" sizes=\"auto, (max-width: 1280px) 100vw, 1280px\" \/><\/figure>\n\n\n\n<div class=\"wp-block-group wp-container-content-958eb9dc is-layout-constrained wp-container-core-group-is-layout-c06d165c wp-block-group-is-layout-constrained\" style=\"padding-top:0;padding-right:0;padding-bottom:0;padding-left:0\">\n<div class=\"wp-block-group is-content-justification-space-between is-layout-flex wp-container-core-group-is-layout-6dafecd9 wp-block-group-is-layout-flex\" style=\"padding-top:0;padding-right:0;padding-bottom:0;padding-left:0\">\n<h3 class=\"wp-block-heading\">Producto Uno<\/h3>\n\n\n\n<h3 class=\"wp-block-heading\">$9.99<\/h3>\n<\/div>\n\n\n\n<p>Este producto est\u00e1 dise\u00f1ado con caracter\u00edsticas de primera calidad para un rendimiento m\u00e1ximo.<\/p>\n<\/div>\n<\/div>\n<\/div>\n<\/div>\n<\/div>\n\n\n\n<div class=\"wp-block-column is-vertically-aligned-stretch ext-animate--on is-layout-flow wp-container-core-column-is-layout-119bc444 wp-block-column-is-layout-flow\">\n<div class=\"wp-block-group is-style-ext-preset--group--natural-1--item-card-1--align-start is-layout-constrained wp-block-group-is-layout-constrained\">\n<div class=\"wp-block-group is-style-default is-layout-constrained wp-block-group-is-layout-constrained\">\n<div class=\"wp-block-group is-nowrap is-layout-flex wp-container-core-group-is-layout-73492678 wp-block-group-is-layout-flex\" style=\"padding-top:0;padding-right:0;padding-bottom:0;padding-left:0\">\n<figure data-spectra-id=\"spectra-mmv4x71i-zvc694\" class=\"wp-block-image size-large has-custom-border ext-aspect-landscape\"><img loading=\"lazy\" decoding=\"async\" width=\"1280\" height=\"905\" class=\"wp-image-4388\" src=\"https:\/\/mungiarugby.org\/wp-content\/uploads\/2026\/03\/de0ed2570be3dc97da9785140f6d288ba528ef52.jpg\" alt=\"De0ed2570be3dc97da9785140f6d288ba528ef52\" title=\"Publizitate euskarriak eta tarifak\" srcset=\"https:\/\/mungiarugby.org\/wp-content\/uploads\/2026\/03\/de0ed2570be3dc97da9785140f6d288ba528ef52.jpg 1280w, https:\/\/mungiarugby.org\/wp-content\/uploads\/2026\/03\/de0ed2570be3dc97da9785140f6d288ba528ef52-300x212.jpg 300w, https:\/\/mungiarugby.org\/wp-content\/uploads\/2026\/03\/de0ed2570be3dc97da9785140f6d288ba528ef52-1024x724.jpg 1024w, https:\/\/mungiarugby.org\/wp-content\/uploads\/2026\/03\/de0ed2570be3dc97da9785140f6d288ba528ef52-768x543.jpg 768w, https:\/\/mungiarugby.org\/wp-content\/uploads\/2026\/03\/de0ed2570be3dc97da9785140f6d288ba528ef52-18x12.jpg 18w, https:\/\/mungiarugby.org\/wp-content\/uploads\/2026\/03\/de0ed2570be3dc97da9785140f6d288ba528ef52-600x424.jpg 600w\" sizes=\"auto, (max-width: 1280px) 100vw, 1280px\" \/><\/figure>\n\n\n\n<div class=\"wp-block-group wp-container-content-958eb9dc is-layout-constrained wp-container-core-group-is-layout-c06d165c wp-block-group-is-layout-constrained\" style=\"padding-top:0;padding-right:0;padding-bottom:0;padding-left:0\">\n<div class=\"wp-block-group is-content-justification-space-between is-layout-flex wp-container-core-group-is-layout-6dafecd9 wp-block-group-is-layout-flex\" style=\"padding-top:0;padding-right:0;padding-bottom:0;padding-left:0\">\n<h3 class=\"wp-block-heading\">Producto Cuatro<\/h3>\n\n\n\n<h3 class=\"wp-block-heading\">$39.99<\/h3>\n<\/div>\n\n\n\n<p>Este producto destaca por su artesan\u00eda de alta calidad y utilidad.<\/p>\n<\/div>\n<\/div>\n<\/div>\n<\/div>\n<\/div>\n<\/div>\n\n\n\n<div class=\"wp-block-columns alignwide is-layout-flex wp-container-core-columns-is-layout-967d05ff wp-block-columns-is-layout-flex\" style=\"margin-top:var(--wp--preset--spacing--40)\">\n<div class=\"wp-block-column is-vertically-aligned-stretch ext-animate--on is-layout-flow wp-container-core-column-is-layout-119bc444 wp-block-column-is-layout-flow\">\n<div class=\"wp-block-group is-style-ext-preset--group--natural-1--item-card-1--align-start is-layout-constrained wp-block-group-is-layout-constrained\">\n<div class=\"wp-block-group is-style-default is-layout-constrained wp-block-group-is-layout-constrained\">\n<div class=\"wp-block-group is-nowrap is-layout-flex wp-container-core-group-is-layout-73492678 wp-block-group-is-layout-flex\" style=\"padding-top:0;padding-right:0;padding-bottom:0;padding-left:0\">\n<figure data-spectra-id=\"spectra-mmv4x71m-h5bruz\" class=\"wp-block-image size-large has-custom-border ext-aspect-landscape\"><img loading=\"lazy\" decoding=\"async\" width=\"1280\" height=\"720\" class=\"wp-image-3975\" src=\"https:\/\/mungiarugby.org\/wp-content\/uploads\/2026\/03\/dad7e8c9442b3da7ee06673ed2fa6b3f81f78c0e.jpg\" alt=\"Dad7e8c9442b3da7ee06673ed2fa6b3f81f78c0e\" title=\"Publizitate euskarriak eta tarifak\" srcset=\"https:\/\/mungiarugby.org\/wp-content\/uploads\/2026\/03\/dad7e8c9442b3da7ee06673ed2fa6b3f81f78c0e.jpg 1280w, https:\/\/mungiarugby.org\/wp-content\/uploads\/2026\/03\/dad7e8c9442b3da7ee06673ed2fa6b3f81f78c0e-300x169.jpg 300w, https:\/\/mungiarugby.org\/wp-content\/uploads\/2026\/03\/dad7e8c9442b3da7ee06673ed2fa6b3f81f78c0e-1024x576.jpg 1024w, https:\/\/mungiarugby.org\/wp-content\/uploads\/2026\/03\/dad7e8c9442b3da7ee06673ed2fa6b3f81f78c0e-768x432.jpg 768w, https:\/\/mungiarugby.org\/wp-content\/uploads\/2026\/03\/dad7e8c9442b3da7ee06673ed2fa6b3f81f78c0e-600x338.jpg 600w\" sizes=\"auto, (max-width: 1280px) 100vw, 1280px\" \/><\/figure>\n\n\n\n<div class=\"wp-block-group wp-container-content-958eb9dc is-layout-constrained wp-container-core-group-is-layout-c06d165c wp-block-group-is-layout-constrained\" style=\"padding-top:0;padding-right:0;padding-bottom:0;padding-left:0\">\n<div class=\"wp-block-group is-content-justification-space-between is-layout-flex wp-container-core-group-is-layout-6dafecd9 wp-block-group-is-layout-flex\" style=\"padding-top:0;padding-right:0;padding-bottom:0;padding-left:0\">\n<h3 class=\"wp-block-heading\">Producto Dos<\/h3>\n\n\n\n<h3 class=\"wp-block-heading\">$19.99<\/h3>\n<\/div>\n\n\n\n<p>Este producto ofrece una calidad excepcional y un valor sobresaliente.<\/p>\n<\/div>\n<\/div>\n<\/div>\n<\/div>\n<\/div>\n\n\n\n<div class=\"wp-block-column is-vertically-aligned-stretch ext-animate--on is-layout-flow wp-container-core-column-is-layout-119bc444 wp-block-column-is-layout-flow\">\n<div class=\"wp-block-group is-style-ext-preset--group--natural-1--item-card-1--align-start is-layout-constrained wp-block-group-is-layout-constrained\">\n<div class=\"wp-block-group is-style-default is-layout-constrained wp-block-group-is-layout-constrained\">\n<div class=\"wp-block-group is-nowrap is-layout-flex wp-container-core-group-is-layout-73492678 wp-block-group-is-layout-flex\" style=\"padding-top:0;padding-right:0;padding-bottom:0;padding-left:0\">\n<figure data-spectra-id=\"spectra-mmv4x71s-fjn8v5\" class=\"wp-block-image size-large has-custom-border ext-aspect-landscape\"><img loading=\"lazy\" decoding=\"async\" width=\"1280\" height=\"720\" class=\"wp-image-3974\" src=\"https:\/\/mungiarugby.org\/wp-content\/uploads\/2026\/03\/380ebdfbbab432731c2ec5445fdd2dbb5cc9540a.jpg\" alt=\"380ebdfbbab432731c2ec5445fdd2dbb5cc9540a\" title=\"Publizitate euskarriak eta tarifak\" srcset=\"https:\/\/mungiarugby.org\/wp-content\/uploads\/2026\/03\/380ebdfbbab432731c2ec5445fdd2dbb5cc9540a.jpg 1280w, https:\/\/mungiarugby.org\/wp-content\/uploads\/2026\/03\/380ebdfbbab432731c2ec5445fdd2dbb5cc9540a-300x169.jpg 300w, https:\/\/mungiarugby.org\/wp-content\/uploads\/2026\/03\/380ebdfbbab432731c2ec5445fdd2dbb5cc9540a-1024x576.jpg 1024w, https:\/\/mungiarugby.org\/wp-content\/uploads\/2026\/03\/380ebdfbbab432731c2ec5445fdd2dbb5cc9540a-768x432.jpg 768w, https:\/\/mungiarugby.org\/wp-content\/uploads\/2026\/03\/380ebdfbbab432731c2ec5445fdd2dbb5cc9540a-600x338.jpg 600w\" sizes=\"auto, (max-width: 1280px) 100vw, 1280px\" \/><\/figure>\n\n\n\n<div class=\"wp-block-group wp-container-content-958eb9dc is-layout-constrained wp-container-core-group-is-layout-c06d165c wp-block-group-is-layout-constrained\" style=\"padding-top:0;padding-right:0;padding-bottom:0;padding-left:0\">\n<div class=\"wp-block-group is-content-justification-space-between is-layout-flex wp-container-core-group-is-layout-6dafecd9 wp-block-group-is-layout-flex\" style=\"padding-top:0;padding-right:0;padding-bottom:0;padding-left:0\">\n<h3 class=\"wp-block-heading\">Producto Uno<\/h3>\n\n\n\n<h3 class=\"wp-block-heading\">$39.99<\/h3>\n<\/div>\n\n\n\n<p>Este producto est\u00e1 dise\u00f1ado con caracter\u00edsticas de primera calidad para un rendimiento m\u00e1ximo.<\/p>\n<\/div>\n<\/div>\n<\/div>\n<\/div>\n<\/div>\n<\/div>\n\n\n\n<div class=\"wp-block-columns alignwide is-layout-flex wp-container-core-columns-is-layout-967d05ff wp-block-columns-is-layout-flex\" style=\"margin-top:var(--wp--preset--spacing--40)\">\n<div class=\"wp-block-column is-vertically-aligned-stretch ext-animate--on is-layout-flow wp-container-core-column-is-layout-119bc444 wp-block-column-is-layout-flow\">\n<div class=\"wp-block-group is-style-ext-preset--group--natural-1--item-card-1--align-start is-layout-constrained wp-block-group-is-layout-constrained\">\n<div class=\"wp-block-group is-style-default is-layout-constrained wp-block-group-is-layout-constrained\">\n<div class=\"wp-block-group is-nowrap is-layout-flex wp-container-core-group-is-layout-73492678 wp-block-group-is-layout-flex\" style=\"padding-top:0;padding-right:0;padding-bottom:0;padding-left:0\">\n<figure data-spectra-id=\"spectra-mmv4x71w-bnetjj\" class=\"wp-block-image size-large has-custom-border ext-aspect-landscape\"><img loading=\"lazy\" decoding=\"async\" width=\"1280\" height=\"853\" class=\"wp-image-4389\" src=\"https:\/\/mungiarugby.org\/wp-content\/uploads\/2026\/03\/5fe21ebbc14a4006fe80cd744d1b813e1dc04eb7.jpg\" alt=\"5fe21ebbc14a4006fe80cd744d1b813e1dc04eb7\" title=\"Publizitate euskarriak eta tarifak\" srcset=\"https:\/\/mungiarugby.org\/wp-content\/uploads\/2026\/03\/5fe21ebbc14a4006fe80cd744d1b813e1dc04eb7.jpg 1280w, https:\/\/mungiarugby.org\/wp-content\/uploads\/2026\/03\/5fe21ebbc14a4006fe80cd744d1b813e1dc04eb7-300x200.jpg 300w, https:\/\/mungiarugby.org\/wp-content\/uploads\/2026\/03\/5fe21ebbc14a4006fe80cd744d1b813e1dc04eb7-1024x682.jpg 1024w, https:\/\/mungiarugby.org\/wp-content\/uploads\/2026\/03\/5fe21ebbc14a4006fe80cd744d1b813e1dc04eb7-768x512.jpg 768w, https:\/\/mungiarugby.org\/wp-content\/uploads\/2026\/03\/5fe21ebbc14a4006fe80cd744d1b813e1dc04eb7-18x12.jpg 18w, https:\/\/mungiarugby.org\/wp-content\/uploads\/2026\/03\/5fe21ebbc14a4006fe80cd744d1b813e1dc04eb7-600x400.jpg 600w\" sizes=\"auto, (max-width: 1280px) 100vw, 1280px\" \/><\/figure>\n\n\n\n<div class=\"wp-block-group wp-container-content-958eb9dc is-layout-constrained wp-container-core-group-is-layout-c06d165c wp-block-group-is-layout-constrained\" style=\"padding-top:0;padding-right:0;padding-bottom:0;padding-left:0\">\n<div class=\"wp-block-group is-content-justification-space-between is-layout-flex wp-container-core-group-is-layout-6dafecd9 wp-block-group-is-layout-flex\" style=\"padding-top:0;padding-right:0;padding-bottom:0;padding-left:0\">\n<h3 class=\"wp-block-heading\">Producto Tres<\/h3>\n\n\n\n<h3 class=\"wp-block-heading\">$29.99<\/h3>\n<\/div>\n\n\n\n<p>Este producto garantiza una fiabilidad superior y una funcionalidad inigualable.<\/p>\n<\/div>\n<\/div>\n<\/div>\n<\/div>\n<\/div>\n\n\n\n<div class=\"wp-block-column is-vertically-aligned-stretch ext-animate--on is-layout-flow wp-container-core-column-is-layout-119bc444 wp-block-column-is-layout-flow\">\n<div class=\"wp-block-group is-style-ext-preset--group--natural-1--item-card-1--align-start is-layout-constrained wp-block-group-is-layout-constrained\">\n<div class=\"wp-block-group is-style-default is-layout-constrained wp-block-group-is-layout-constrained\">\n<div class=\"wp-block-group is-nowrap is-layout-flex wp-container-core-group-is-layout-73492678 wp-block-group-is-layout-flex\" style=\"padding-top:0;padding-right:0;padding-bottom:0;padding-left:0\">\n<figure data-spectra-id=\"spectra-mmv4x720-ppveiy\" class=\"wp-block-image size-large has-custom-border ext-aspect-landscape\"><img loading=\"lazy\" decoding=\"async\" width=\"1280\" height=\"985\" class=\"wp-image-4390\" src=\"https:\/\/mungiarugby.org\/wp-content\/uploads\/2026\/03\/3e6786de400678a7ba4c8bdc620cc75c9c5e9e9e.jpg\" alt=\"3e6786de400678a7ba4c8bdc620cc75c9c5e9e9e\" title=\"Publizitate euskarriak eta tarifak\" srcset=\"https:\/\/mungiarugby.org\/wp-content\/uploads\/2026\/03\/3e6786de400678a7ba4c8bdc620cc75c9c5e9e9e.jpg 1280w, https:\/\/mungiarugby.org\/wp-content\/uploads\/2026\/03\/3e6786de400678a7ba4c8bdc620cc75c9c5e9e9e-300x231.jpg 300w, https:\/\/mungiarugby.org\/wp-content\/uploads\/2026\/03\/3e6786de400678a7ba4c8bdc620cc75c9c5e9e9e-1024x788.jpg 1024w, https:\/\/mungiarugby.org\/wp-content\/uploads\/2026\/03\/3e6786de400678a7ba4c8bdc620cc75c9c5e9e9e-768x591.jpg 768w, https:\/\/mungiarugby.org\/wp-content\/uploads\/2026\/03\/3e6786de400678a7ba4c8bdc620cc75c9c5e9e9e-16x12.jpg 16w, https:\/\/mungiarugby.org\/wp-content\/uploads\/2026\/03\/3e6786de400678a7ba4c8bdc620cc75c9c5e9e9e-600x462.jpg 600w\" sizes=\"auto, (max-width: 1280px) 100vw, 1280px\" \/><\/figure>\n\n\n\n<div class=\"wp-block-group wp-container-content-958eb9dc is-layout-constrained wp-container-core-group-is-layout-c06d165c wp-block-group-is-layout-constrained\" style=\"padding-top:0;padding-right:0;padding-bottom:0;padding-left:0\">\n<div class=\"wp-block-group is-content-justification-space-between is-layout-flex wp-container-core-group-is-layout-6dafecd9 wp-block-group-is-layout-flex\" style=\"padding-top:0;padding-right:0;padding-bottom:0;padding-left:0\">\n<h3 class=\"wp-block-heading\">Producto Dos<\/h3>\n\n\n\n<h3 class=\"wp-block-heading\">$19.99<\/h3>\n<\/div>\n\n\n\n<p>Este producto ofrece una calidad excepcional y un valor sobresaliente.<\/p>\n<\/div>\n<\/div>\n<\/div>\n<\/div>\n<\/div>\n<\/div>\n<\/div>","protected":false},"excerpt":{"rendered":"<p>SOPORTES PUBLICITARIOS \u2013 TARIFAS Esta secci\u00f3n destaca la variedad de platos en nuestro men\u00fa. Producto Uno $9.99 Este producto est\u00e1 dise\u00f1ado con caracter\u00edsticas de primera calidad para un rendimiento m\u00e1ximo. Producto Cuatro $39.99 Este producto destaca por su artesan\u00eda de alta calidad y utilidad. Producto Dos $19.99 Este producto ofrece una calidad excepcional y un [&hellip;]<\/p>\n","protected":false},"author":1,"featured_media":0,"parent":4371,"menu_order":0,"comment_status":"closed","ping_status":"closed","template":"","meta":{"_uag_custom_page_level_css":"","site-sidebar-layout":"default","site-content-layout":"","ast-site-content-layout":"default","site-content-style":"default","site-sidebar-style":"default","ast-global-header-display":"","ast-banner-title-visibility":"","ast-main-header-display":"","ast-hfb-above-header-display":"","ast-hfb-below-header-display":"","ast-hfb-mobile-header-display":"","site-post-title":"disabled","ast-breadcrumbs-content":"","ast-featured-img":"","footer-sml-layout":"","ast-disable-related-posts":"","theme-transparent-header-meta":"","adv-header-id-meta":"","stick-header-meta":"","header-above-stick-meta":"","header-main-stick-meta":"","header-below-stick-meta":"","astra-migrate-meta-layouts":"set","ast-page-background-enabled":"default","ast-page-background-meta":{"desktop":{"background-color":"","background-image":"","background-repeat":"repeat","background-position":"center center","background-size":"auto","background-attachment":"scroll","background-type":"","background-media":"","overlay-type":"","overlay-color":"","overlay-opacity":"","overlay-gradient":""},"tablet":{"background-color":"","background-image":"","background-repeat":"repeat","background-position":"center center","background-size":"auto","background-attachment":"scroll","background-type":"","background-media":"","overlay-type":"","overlay-color":"","overlay-opacity":"","overlay-gradient":""},"mobile":{"background-color":"","background-image":"","background-repeat":"repeat","background-position":"center center","background-size":"auto","background-attachment":"scroll","background-type":"","background-media":"","overlay-type":"","overlay-color":"","overlay-opacity":"","overlay-gradient":""}},"ast-content-background-meta":{"desktop":{"background-color":"var(--ast-global-color-5)","background-image":"","background-repeat":"repeat","background-position":"center center","background-size":"auto","background-attachment":"scroll","background-type":"","background-media":"","overlay-type":"","overlay-color":"","overlay-opacity":"","overlay-gradient":""},"tablet":{"background-color":"var(--ast-global-color-5)","background-image":"","background-repeat":"repeat","background-position":"center center","background-size":"auto","background-attachment":"scroll","background-type":"","background-media":"","overlay-type":"","overlay-color":"","overlay-opacity":"","overlay-gradient":""},"mobile":{"background-color":"var(--ast-global-color-5)","background-image":"","background-repeat":"repeat","background-position":"center center","background-size":"auto","background-attachment":"scroll","background-type":"","background-media":"","overlay-type":"","overlay-color":"","overlay-opacity":"","overlay-gradient":""}},"footnotes":""},"class_list":["post-4376","page","type-page","status-publish","hentry"],"uagb_featured_image_src":{"full":false,"thumbnail":false,"medium":false,"medium_large":false,"large":false,"1536x1536":false,"2048x2048":false,"trp-custom-language-flag":false,"woocommerce_thumbnail":false,"woocommerce_single":false,"woocommerce_gallery_thumbnail":false},"uagb_author_info":{"display_name":"admin","author_link":"https:\/\/mungiarugby.org\/eu\/author\/admin\/"},"uagb_comment_info":0,"uagb_excerpt":"SOPORTES PUBLICITARIOS \u2013 TARIFAS Esta secci\u00f3n destaca la variedad de platos en nuestro men\u00fa. Producto Uno $9.99 Este producto est\u00e1 dise\u00f1ado con caracter\u00edsticas de primera calidad para un rendimiento m\u00e1ximo. Producto Cuatro $39.99 Este producto destaca por su artesan\u00eda de alta calidad y utilidad. Producto Dos $19.99 Este producto ofrece una calidad excepcional y un&hellip;","_links":{"self":[{"href":"https:\/\/mungiarugby.org\/eu\/wp-json\/wp\/v2\/pages\/4376","targetHints":{"allow":["GET"]}}],"collection":[{"href":"https:\/\/mungiarugby.org\/eu\/wp-json\/wp\/v2\/pages"}],"about":[{"href":"https:\/\/mungiarugby.org\/eu\/wp-json\/wp\/v2\/types\/page"}],"author":[{"embeddable":true,"href":"https:\/\/mungiarugby.org\/eu\/wp-json\/wp\/v2\/users\/1"}],"replies":[{"embeddable":true,"href":"https:\/\/mungiarugby.org\/eu\/wp-json\/wp\/v2\/comments?post=4376"}],"version-history":[{"count":3,"href":"https:\/\/mungiarugby.org\/eu\/wp-json\/wp\/v2\/pages\/4376\/revisions"}],"predecessor-version":[{"id":4391,"href":"https:\/\/mungiarugby.org\/eu\/wp-json\/wp\/v2\/pages\/4376\/revisions\/4391"}],"up":[{"embeddable":true,"href":"https:\/\/mungiarugby.org\/eu\/wp-json\/wp\/v2\/pages\/4371"}],"wp:attachment":[{"href":"https:\/\/mungiarugby.org\/eu\/wp-json\/wp\/v2\/media?parent=4376"}],"curies":[{"name":"wp","href":"https:\/\/api.w.org\/{rel}","templated":true}]}}