{"id":2062,"date":"2026-03-11T15:03:01","date_gmt":"2026-03-11T15:03:01","guid":{"rendered":"https:\/\/mungiarugby.org\/producto\/green-printed-tshirt\/"},"modified":"2026-03-14T13:50:52","modified_gmt":"2026-03-14T13:50:52","slug":"bucal","status":"publish","type":"product","link":"https:\/\/mungiarugby.org\/eu\/produktua\/bucal\/","title":{"rendered":"Protector bucal"},"content":{"rendered":"<p>El borde de goma extragruesa y el relleno de gel ajustable no s\u00f3lo ofrecen la m\u00e1xima protecci\u00f3n, sino tambi\u00e9n comodidad y una respiraci\u00f3n f\u00e1cil. El material termopl\u00e1stico se ajusta calent\u00e1ndolo en agua (v\u00e9anse las instrucciones adjuntas).<br \/>\n&#8211; Tallas: Junior = ni\u00f1os (menores de 12 a\u00f1os) y Senior = adolescentes y adultos (a partir de 12 a\u00f1os).<br \/>\nCertificado CE seg\u00fan DIN EN 13277.<\/p>","protected":false},"excerpt":{"rendered":"<p>El borde de goma extragruesa y el relleno de gel ajustable no s\u00f3lo ofrecen la m\u00e1xima protecci\u00f3n, sino tambi\u00e9n comodidad y una respiraci\u00f3n f\u00e1cil. El material termopl\u00e1stico se ajusta calent\u00e1ndolo en agua (v\u00e9anse las instrucciones adjuntas).<br \/>\n&#8211; Tallas: Junior = ni\u00f1os (menores de 12 a\u00f1os) y Senior = adolescentes y adultos (a partir de 12 a\u00f1os).<br \/>\nCertificado CE seg\u00fan DIN EN 13277.<\/p>","protected":false},"featured_media":4147,"comment_status":"open","ping_status":"closed","template":"","meta":{"_uag_custom_page_level_css":"","site-sidebar-layout":"default","site-content-layout":"default","ast-site-content-layout":"default","site-content-style":"default","site-sidebar-style":"default","ast-global-header-display":"","ast-banner-title-visibility":"","ast-main-header-display":"","ast-hfb-above-header-display":"","ast-hfb-below-header-display":"","ast-hfb-mobile-header-display":"","site-post-title":"","ast-breadcrumbs-content":"","ast-featured-img":"","footer-sml-layout":"","ast-disable-related-posts":"","theme-transparent-header-meta":"default","adv-header-id-meta":"","stick-header-meta":"","header-above-stick-meta":"","header-main-stick-meta":"","header-below-stick-meta":"","astra-migrate-meta-layouts":"set","ast-page-background-enabled":"default","ast-page-background-meta":{"desktop":{"background-color":"","background-image":"","background-repeat":"repeat","background-position":"center center","background-size":"auto","background-attachment":"scroll","background-type":"","background-media":"","overlay-type":"","overlay-color":"","overlay-opacity":"","overlay-gradient":""},"tablet":{"background-color":"","background-image":"","background-repeat":"repeat","background-position":"center center","background-size":"auto","background-attachment":"scroll","background-type":"","background-media":"","overlay-type":"","overlay-color":"","overlay-opacity":"","overlay-gradient":""},"mobile":{"background-color":"","background-image":"","background-repeat":"repeat","background-position":"center center","background-size":"auto","background-attachment":"scroll","background-type":"","background-media":"","overlay-type":"","overlay-color":"","overlay-opacity":"","overlay-gradient":""}},"ast-content-background-meta":{"desktop":{"background-color":"var(--ast-global-color-5)","background-image":"","background-repeat":"repeat","background-position":"center center","background-size":"auto","background-attachment":"scroll","background-type":"","background-media":"","overlay-type":"","overlay-color":"","overlay-opacity":"","overlay-gradient":""},"tablet":{"background-color":"var(--ast-global-color-5)","background-image":"","background-repeat":"repeat","background-position":"center center","background-size":"auto","background-attachment":"scroll","background-type":"","background-media":"","overlay-type":"","overlay-color":"","overlay-opacity":"","overlay-gradient":""},"mobile":{"background-color":"var(--ast-global-color-5)","background-image":"","background-repeat":"repeat","background-position":"center center","background-size":"auto","background-attachment":"scroll","background-type":"","background-media":"","overlay-type":"","overlay-color":"","overlay-opacity":"","overlay-gradient":""}}},"product_brand":[],"product_cat":[19],"product_tag":[],"class_list":{"0":"post-2062","1":"product","2":"type-product","3":"status-publish","4":"has-post-thumbnail","6":"product_cat-equipacion","7":"desktop-align-center","8":"tablet-align-center","9":"mobile-align-center","11":"first","12":"instock","13":"featured","14":"shipping-taxable","15":"purchasable","16":"product-type-simple"},"uagb_featured_image_src":{"full":["https:\/\/mungiarugby.org\/wp-content\/uploads\/2026\/03\/199096-7100_1.webp",560,560,false],"thumbnail":["https:\/\/mungiarugby.org\/wp-content\/uploads\/2026\/03\/199096-7100_1-150x150.webp",150,150,true],"medium":["https:\/\/mungiarugby.org\/wp-content\/uploads\/2026\/03\/199096-7100_1-300x300.webp",300,300,true],"medium_large":["https:\/\/mungiarugby.org\/wp-content\/uploads\/2026\/03\/199096-7100_1.webp",560,560,false],"large":["https:\/\/mungiarugby.org\/wp-content\/uploads\/2026\/03\/199096-7100_1.webp",560,560,false],"1536x1536":["https:\/\/mungiarugby.org\/wp-content\/uploads\/2026\/03\/199096-7100_1.webp",560,560,false],"2048x2048":["https:\/\/mungiarugby.org\/wp-content\/uploads\/2026\/03\/199096-7100_1.webp",560,560,false],"trp-custom-language-flag":["https:\/\/mungiarugby.org\/wp-content\/uploads\/2026\/03\/199096-7100_1-12x12.webp",12,12,true],"woocommerce_thumbnail":["https:\/\/mungiarugby.org\/wp-content\/uploads\/2026\/03\/199096-7100_1-300x300.webp",300,300,true],"woocommerce_single":["https:\/\/mungiarugby.org\/wp-content\/uploads\/2026\/03\/199096-7100_1.webp",560,560,false],"woocommerce_gallery_thumbnail":["https:\/\/mungiarugby.org\/wp-content\/uploads\/2026\/03\/199096-7100_1-100x100.webp",100,100,true]},"uagb_author_info":{"display_name":"admin","author_link":"https:\/\/mungiarugby.org\/eu\/author\/"},"uagb_comment_info":0,"uagb_excerpt":"El borde de goma extragruesa y el relleno de gel ajustable no s\u00f3lo ofrecen la m\u00e1xima protecci\u00f3n, sino tambi\u00e9n comodidad y una respiraci\u00f3n f\u00e1cil. El material termopl\u00e1stico se ajusta calent\u00e1ndolo en agua (v\u00e9anse las instrucciones adjuntas). - Tallas: Junior = ni\u00f1os (menores de 12 a\u00f1os) y Senior = adolescentes y adultos (a partir de 12&hellip;","_links":{"self":[{"href":"https:\/\/mungiarugby.org\/eu\/wp-json\/wp\/v2\/product\/2062","targetHints":{"allow":["GET"]}}],"collection":[{"href":"https:\/\/mungiarugby.org\/eu\/wp-json\/wp\/v2\/product"}],"about":[{"href":"https:\/\/mungiarugby.org\/eu\/wp-json\/wp\/v2\/types\/product"}],"replies":[{"embeddable":true,"href":"https:\/\/mungiarugby.org\/eu\/wp-json\/wp\/v2\/comments?post=2062"}],"wp:featuredmedia":[{"embeddable":true,"href":"https:\/\/mungiarugby.org\/eu\/wp-json\/wp\/v2\/media\/4147"}],"wp:attachment":[{"href":"https:\/\/mungiarugby.org\/eu\/wp-json\/wp\/v2\/media?parent=2062"}],"wp:term":[{"taxonomy":"product_brand","embeddable":true,"href":"https:\/\/mungiarugby.org\/eu\/wp-json\/wp\/v2\/product_brand?post=2062"},{"taxonomy":"product_cat","embeddable":true,"href":"https:\/\/mungiarugby.org\/eu\/wp-json\/wp\/v2\/product_cat?post=2062"},{"taxonomy":"product_tag","embeddable":true,"href":"https:\/\/mungiarugby.org\/eu\/wp-json\/wp\/v2\/product_tag?post=2062"}],"curies":[{"name":"wp","href":"https:\/\/api.w.org\/{rel}","templated":true}]}}