{"id":2065,"date":"2026-03-11T15:03:01","date_gmt":"2026-03-11T15:03:01","guid":{"rendered":"https:\/\/mungiarugby.org\/producto\/dark-teal-printed-tshirt\/"},"modified":"2026-03-14T13:48:31","modified_gmt":"2026-03-14T13:48:31","slug":"frakak","status":"publish","type":"product","link":"https:\/\/mungiarugby.org\/eu\/produktua\/frakak\/","title":{"rendered":"Pantalon rugby"},"content":{"rendered":"<p>Rush Marathon Shorts son pantalones cortos ligeros que est\u00e1n divididos en los lados para una mayor libertad de movimiento. Los pantalones cortos est\u00e1n fabricados con un material de punto funcional, que ofrece una excelente evacuaci\u00f3n de la humedad.<\/p>","protected":false},"excerpt":{"rendered":"<p>Rush Marathon Shorts son pantalones cortos ligeros que est\u00e1n divididos en los lados para una mayor libertad de movimiento. Los pantalones cortos est\u00e1n fabricados con un material de punto funcional, que ofrece una excelente evacuaci\u00f3n de la humedad.<\/p>","protected":false},"featured_media":4144,"comment_status":"open","ping_status":"closed","template":"","meta":{"_uag_custom_page_level_css":"","site-sidebar-layout":"default","site-content-layout":"default","ast-site-content-layout":"default","site-content-style":"default","site-sidebar-style":"default","ast-global-header-display":"","ast-banner-title-visibility":"","ast-main-header-display":"","ast-hfb-above-header-display":"","ast-hfb-below-header-display":"","ast-hfb-mobile-header-display":"","site-post-title":"","ast-breadcrumbs-content":"","ast-featured-img":"","footer-sml-layout":"","ast-disable-related-posts":"","theme-transparent-header-meta":"default","adv-header-id-meta":"","stick-header-meta":"","header-above-stick-meta":"","header-main-stick-meta":"","header-below-stick-meta":"","astra-migrate-meta-layouts":"set","ast-page-background-enabled":"default","ast-page-background-meta":{"desktop":{"background-color":"","background-image":"","background-repeat":"repeat","background-position":"center center","background-size":"auto","background-attachment":"scroll","background-type":"","background-media":"","overlay-type":"","overlay-color":"","overlay-opacity":"","overlay-gradient":""},"tablet":{"background-color":"","background-image":"","background-repeat":"repeat","background-position":"center center","background-size":"auto","background-attachment":"scroll","background-type":"","background-media":"","overlay-type":"","overlay-color":"","overlay-opacity":"","overlay-gradient":""},"mobile":{"background-color":"","background-image":"","background-repeat":"repeat","background-position":"center center","background-size":"auto","background-attachment":"scroll","background-type":"","background-media":"","overlay-type":"","overlay-color":"","overlay-opacity":"","overlay-gradient":""}},"ast-content-background-meta":{"desktop":{"background-color":"var(--ast-global-color-5)","background-image":"","background-repeat":"repeat","background-position":"center center","background-size":"auto","background-attachment":"scroll","background-type":"","background-media":"","overlay-type":"","overlay-color":"","overlay-opacity":"","overlay-gradient":""},"tablet":{"background-color":"var(--ast-global-color-5)","background-image":"","background-repeat":"repeat","background-position":"center center","background-size":"auto","background-attachment":"scroll","background-type":"","background-media":"","overlay-type":"","overlay-color":"","overlay-opacity":"","overlay-gradient":""},"mobile":{"background-color":"var(--ast-global-color-5)","background-image":"","background-repeat":"repeat","background-position":"center center","background-size":"auto","background-attachment":"scroll","background-type":"","background-media":"","overlay-type":"","overlay-color":"","overlay-opacity":"","overlay-gradient":""}}},"product_brand":[],"product_cat":[19],"product_tag":[],"class_list":{"0":"post-2065","1":"product","2":"type-product","3":"status-publish","4":"has-post-thumbnail","6":"product_cat-equipacion","7":"desktop-align-center","8":"tablet-align-center","9":"mobile-align-center","11":"first","12":"outofstock","13":"featured","14":"shipping-taxable","15":"purchasable","16":"product-type-variable"},"uagb_featured_image_src":{"full":["https:\/\/mungiarugby.org\/wp-content\/uploads\/2026\/03\/C1907397-999000.webp",500,500,false],"thumbnail":["https:\/\/mungiarugby.org\/wp-content\/uploads\/2026\/03\/C1907397-999000.webp",150,150,false],"medium":["https:\/\/mungiarugby.org\/wp-content\/uploads\/2026\/03\/C1907397-999000.webp",300,300,false],"medium_large":["https:\/\/mungiarugby.org\/wp-content\/uploads\/2026\/03\/C1907397-999000.webp",500,500,false],"large":["https:\/\/mungiarugby.org\/wp-content\/uploads\/2026\/03\/C1907397-999000.webp",500,500,false],"1536x1536":["https:\/\/mungiarugby.org\/wp-content\/uploads\/2026\/03\/C1907397-999000.webp",500,500,false],"2048x2048":["https:\/\/mungiarugby.org\/wp-content\/uploads\/2026\/03\/C1907397-999000.webp",500,500,false],"trp-custom-language-flag":["https:\/\/mungiarugby.org\/wp-content\/uploads\/2026\/03\/C1907397-999000.webp",12,12,false],"woocommerce_thumbnail":["https:\/\/mungiarugby.org\/wp-content\/uploads\/2026\/03\/C1907397-999000.webp",300,300,false],"woocommerce_single":["https:\/\/mungiarugby.org\/wp-content\/uploads\/2026\/03\/C1907397-999000.webp",500,500,false],"woocommerce_gallery_thumbnail":["https:\/\/mungiarugby.org\/wp-content\/uploads\/2026\/03\/C1907397-999000.webp",100,100,false]},"uagb_author_info":{"display_name":"admin","author_link":"https:\/\/mungiarugby.org\/eu\/author\/"},"uagb_comment_info":0,"uagb_excerpt":"Rush Marathon Shorts son pantalones cortos ligeros que est\u00e1n divididos en los lados para una mayor libertad de movimiento. Los pantalones cortos est\u00e1n fabricados con un material de punto funcional, que ofrece una excelente evacuaci\u00f3n de la humedad.","_links":{"self":[{"href":"https:\/\/mungiarugby.org\/eu\/wp-json\/wp\/v2\/product\/2065","targetHints":{"allow":["GET"]}}],"collection":[{"href":"https:\/\/mungiarugby.org\/eu\/wp-json\/wp\/v2\/product"}],"about":[{"href":"https:\/\/mungiarugby.org\/eu\/wp-json\/wp\/v2\/types\/product"}],"replies":[{"embeddable":true,"href":"https:\/\/mungiarugby.org\/eu\/wp-json\/wp\/v2\/comments?post=2065"}],"wp:featuredmedia":[{"embeddable":true,"href":"https:\/\/mungiarugby.org\/eu\/wp-json\/wp\/v2\/media\/4144"}],"wp:attachment":[{"href":"https:\/\/mungiarugby.org\/eu\/wp-json\/wp\/v2\/media?parent=2065"}],"wp:term":[{"taxonomy":"product_brand","embeddable":true,"href":"https:\/\/mungiarugby.org\/eu\/wp-json\/wp\/v2\/product_brand?post=2065"},{"taxonomy":"product_cat","embeddable":true,"href":"https:\/\/mungiarugby.org\/eu\/wp-json\/wp\/v2\/product_cat?post=2065"},{"taxonomy":"product_tag","embeddable":true,"href":"https:\/\/mungiarugby.org\/eu\/wp-json\/wp\/v2\/product_tag?post=2065"}],"curies":[{"name":"wp","href":"https:\/\/api.w.org\/{rel}","templated":true}]}}