{"id":4429,"date":"2026-04-11T15:17:43","date_gmt":"2026-04-11T15:17:43","guid":{"rendered":"https:\/\/mungiarugby.org\/?post_type=product&#038;p=4429"},"modified":"2026-04-12T13:44:24","modified_gmt":"2026-04-12T13:44:24","slug":"camisetas-50-aniversario","status":"publish","type":"product","link":"https:\/\/mungiarugby.org\/eu\/produktua\/camisetas-50-aniversario\/","title":{"rendered":"Camiseta GURE ETXEA"},"content":{"rendered":"<p>Camiseta de corte cl\u00e1sico, confeccionada en tejido de punto liso 100% algod\u00f3n. Cuello redondo de canal\u00e9, refuerzo de hombro a hombro y doble pespunte en cuello, bajo y mangas.<\/p>","protected":false},"excerpt":{"rendered":"<p>Camiseta de corte cl\u00e1sico, confeccionada en tejido de punto liso 100% algod\u00f3n. Cuello redondo de canal\u00e9, refuerzo de hombro a hombro y doble pespunte en cuello, bajo y mangas.<\/p>","protected":false},"featured_media":4430,"comment_status":"open","ping_status":"closed","template":"","meta":{"_uag_custom_page_level_css":"","site-sidebar-layout":"default","site-content-layout":"","ast-site-content-layout":"default","site-content-style":"default","site-sidebar-style":"default","ast-global-header-display":"","ast-banner-title-visibility":"","ast-main-header-display":"","ast-hfb-above-header-display":"","ast-hfb-below-header-display":"","ast-hfb-mobile-header-display":"","site-post-title":"","ast-breadcrumbs-content":"","ast-featured-img":"","footer-sml-layout":"","ast-disable-related-posts":"","theme-transparent-header-meta":"default","adv-header-id-meta":"","stick-header-meta":"","header-above-stick-meta":"","header-main-stick-meta":"","header-below-stick-meta":"","astra-migrate-meta-layouts":"set","ast-page-background-enabled":"default","ast-page-background-meta":{"desktop":{"background-color":"","background-image":"","background-repeat":"repeat","background-position":"center center","background-size":"auto","background-attachment":"scroll","background-type":"","background-media":"","overlay-type":"","overlay-color":"","overlay-opacity":"","overlay-gradient":""},"tablet":{"background-color":"","background-image":"","background-repeat":"repeat","background-position":"center center","background-size":"auto","background-attachment":"scroll","background-type":"","background-media":"","overlay-type":"","overlay-color":"","overlay-opacity":"","overlay-gradient":""},"mobile":{"background-color":"","background-image":"","background-repeat":"repeat","background-position":"center center","background-size":"auto","background-attachment":"scroll","background-type":"","background-media":"","overlay-type":"","overlay-color":"","overlay-opacity":"","overlay-gradient":""}},"ast-content-background-meta":{"desktop":{"background-color":"var(--ast-global-color-5)","background-image":"","background-repeat":"repeat","background-position":"center center","background-size":"auto","background-attachment":"scroll","background-type":"","background-media":"","overlay-type":"","overlay-color":"","overlay-opacity":"","overlay-gradient":""},"tablet":{"background-color":"var(--ast-global-color-5)","background-image":"","background-repeat":"repeat","background-position":"center center","background-size":"auto","background-attachment":"scroll","background-type":"","background-media":"","overlay-type":"","overlay-color":"","overlay-opacity":"","overlay-gradient":""},"mobile":{"background-color":"var(--ast-global-color-5)","background-image":"","background-repeat":"repeat","background-position":"center center","background-size":"auto","background-attachment":"scroll","background-type":"","background-media":"","overlay-type":"","overlay-color":"","overlay-opacity":"","overlay-gradient":""}}},"product_brand":[],"product_cat":[24,25],"product_tag":[],"class_list":{"0":"post-4429","1":"product","2":"type-product","3":"status-publish","4":"has-post-thumbnail","6":"product_cat-berriak","7":"product_cat-ropa-de-calle","8":"desktop-align-center","9":"tablet-align-center","10":"mobile-align-center","12":"first","13":"instock","14":"sale","15":"featured","16":"shipping-taxable","17":"purchasable","18":"product-type-variable"},"uagb_featured_image_src":{"full":["https:\/\/mungiarugby.org\/wp-content\/uploads\/2026\/04\/1.jpeg",2048,1536,false],"thumbnail":["https:\/\/mungiarugby.org\/wp-content\/uploads\/2026\/04\/1-150x150.jpeg",150,150,true],"medium":["https:\/\/mungiarugby.org\/wp-content\/uploads\/2026\/04\/1-300x225.jpeg",300,225,true],"medium_large":["https:\/\/mungiarugby.org\/wp-content\/uploads\/2026\/04\/1-768x576.jpeg",768,576,true],"large":["https:\/\/mungiarugby.org\/wp-content\/uploads\/2026\/04\/1-1024x768.jpeg",1024,768,true],"1536x1536":["https:\/\/mungiarugby.org\/wp-content\/uploads\/2026\/04\/1-1536x1152.jpeg",1536,1152,true],"2048x2048":["https:\/\/mungiarugby.org\/wp-content\/uploads\/2026\/04\/1.jpeg",2048,1536,false],"trp-custom-language-flag":["https:\/\/mungiarugby.org\/wp-content\/uploads\/2026\/04\/1-16x12.jpeg",16,12,true],"woocommerce_thumbnail":["https:\/\/mungiarugby.org\/wp-content\/uploads\/2026\/04\/1-300x300.jpeg",300,300,true],"woocommerce_single":["https:\/\/mungiarugby.org\/wp-content\/uploads\/2026\/04\/1-600x450.jpeg",600,450,true],"woocommerce_gallery_thumbnail":["https:\/\/mungiarugby.org\/wp-content\/uploads\/2026\/04\/1-100x100.jpeg",100,100,true]},"uagb_author_info":{"display_name":"admin","author_link":"https:\/\/mungiarugby.org\/eu\/author\/"},"uagb_comment_info":0,"uagb_excerpt":"Camiseta de corte cl\u00e1sico, confeccionada en tejido de punto liso 100% algod\u00f3n. Cuello redondo de canal\u00e9, refuerzo de hombro a hombro y doble pespunte en cuello, bajo y mangas.","_links":{"self":[{"href":"https:\/\/mungiarugby.org\/eu\/wp-json\/wp\/v2\/product\/4429","targetHints":{"allow":["GET"]}}],"collection":[{"href":"https:\/\/mungiarugby.org\/eu\/wp-json\/wp\/v2\/product"}],"about":[{"href":"https:\/\/mungiarugby.org\/eu\/wp-json\/wp\/v2\/types\/product"}],"replies":[{"embeddable":true,"href":"https:\/\/mungiarugby.org\/eu\/wp-json\/wp\/v2\/comments?post=4429"}],"wp:featuredmedia":[{"embeddable":true,"href":"https:\/\/mungiarugby.org\/eu\/wp-json\/wp\/v2\/media\/4430"}],"wp:attachment":[{"href":"https:\/\/mungiarugby.org\/eu\/wp-json\/wp\/v2\/media?parent=4429"}],"wp:term":[{"taxonomy":"product_brand","embeddable":true,"href":"https:\/\/mungiarugby.org\/eu\/wp-json\/wp\/v2\/product_brand?post=4429"},{"taxonomy":"product_cat","embeddable":true,"href":"https:\/\/mungiarugby.org\/eu\/wp-json\/wp\/v2\/product_cat?post=4429"},{"taxonomy":"product_tag","embeddable":true,"href":"https:\/\/mungiarugby.org\/eu\/wp-json\/wp\/v2\/product_tag?post=4429"}],"curies":[{"name":"wp","href":"https:\/\/api.w.org\/{rel}","templated":true}]}}